{"id":1718,"date":"2026-03-31T21:47:57","date_gmt":"2026-03-31T21:47:57","guid":{"rendered":"https:\/\/stiren-handball.com\/?page_id=1718"},"modified":"2026-04-03T11:48:53","modified_gmt":"2026-04-03T11:48:53","slug":"nos-seniors","status":"publish","type":"page","link":"https:\/\/stiren-handball.com\/index.php\/nos-seniors\/","title":{"rendered":"Nos S\u00e9niors"},"content":{"rendered":"\t\t<div data-elementor-type=\"wp-page\" data-elementor-id=\"1718\" class=\"elementor elementor-1718\">\n\t\t\t\t<div class=\"elementor-element elementor-element-2f3daf3 e-flex e-con-boxed e-con e-parent\" data-id=\"2f3daf3\" data-element_type=\"container\">\n\t\t\t\t\t<div class=\"e-con-inner\">\n\t\t\t\t<div class=\"elementor-element elementor-element-924b51b elementor-widget elementor-widget-spacer\" data-id=\"924b51b\" data-element_type=\"widget\" data-widget_type=\"spacer.default\">\n\t\t\t\t\t\t\t<div class=\"elementor-spacer\">\n\t\t\t<div class=\"elementor-spacer-inner\"><\/div>\n\t\t<\/div>\n\t\t\t\t\t\t<\/div>\n\t\t\t\t\t<\/div>\n\t\t\t\t<\/div>\n\t\t<div class=\"elementor-element elementor-element-7cfb971 e-flex e-con-boxed e-con e-parent\" data-id=\"7cfb971\" data-element_type=\"container\">\n\t\t\t\t\t<div class=\"e-con-inner\">\n\t\t\t\t<div class=\"elementor-element elementor-element-845dd49 elementor-widget elementor-widget-html\" data-id=\"845dd49\" data-element_type=\"widget\" data-widget_type=\"html.default\">\n\t\t\t\t\t<style>\n.page-title {\n    text-align: center;\n    margin: 40px 0 10px;\n}\n\n.page-title h1 {\n    font-size: 2.2rem;\n    color: rgba(204, 11, 9, 0.9);\n    position: relative;\n    display: inline-block;\n}\n\n.page-title h1::after {\n    content: '';\n    position: absolute;\n    bottom: -10px;\n    left: 50%;\n    transform: translateX(-50%);\n    width: 80px;\n    height: 3px;\n    background: rgba(204, 11, 9, 0.9);\n}\n\n.senior-section {\n    max-width: 1200px;\n    margin: 60px auto;\n    padding: 20px;\n    font-family: -apple-system, BlinkMacSystemFont, 'Segoe UI', Roboto, sans-serif;\n}\n\n.senior-block {\n    display: flex;\n    flex-wrap: wrap;\n    gap: 30px;\n    margin-bottom: 60px;\n    align-items: flex-start;\n}\n\n.senior-block.reverse {\n    flex-direction: row-reverse;\n}\n\n.senior-image {\n    flex: 1;\n    min-width: 280px;\n    height: 300px;\n    border-radius: 12px;\n    overflow: hidden;\n    box-shadow: 0 4px 15px rgba(0,0,0,0.1);\n}\n\n\n\n.senior-image img {\n    width: 100%;\n    height: 100%;\n    object-fit: cover;\n    pointer-events: none;\n    -webkit-user-drag: none;\n    transition: transform 0.5s ease;\n}\n\n\/* effet zoom *\/\n.senior-image:hover img {\n    transform: scale(1.05);\n}\n\n.senior-content {\n    flex: 1;\n    min-width: 280px;\n}\n\n.senior-title {\n    font-size: 1.6rem;\n    color: rgba(204, 11, 9, 0.9);\n    margin-bottom: 15px;\n    position: relative;\n    display: inline-block;\n}\n\n.senior-title::after {\n    content: '';\n    position: absolute;\n    bottom: -6px;\n    left: 0;\n    width: 50px;\n    height: 3px;\n    background: rgba(204, 11, 9, 0.9);\n}\n\n.senior-text {\n    color: #444;\n    line-height: 1.6;\n    font-size: 1rem;\n}\n<\/style>\n\n<div class=\"page-title\">\n    <h1>Nos s\u00e9niors<\/h1>\n<\/div>\n\n<section class=\"senior-section\">\n\n    <!-- SG1 -->\n    <div class=\"senior-block\">\n        <div class=\"senior-image\">\n            <img decoding=\"async\" src=\"https:\/\/stiren-handball.com\/wp-content\/uploads\/2026\/03\/DSC03946-scaled.jpg\">\n        <\/div>\n        <div class=\"senior-content\">\n            <h2 class=\"senior-title\">S\u00e9niors Masculins 1<\/h2>\n            <p class=\"senior-text\">\n            Cette saison, l\u2019\u00e9quipe S\u00e9niors Masculins 1 aborde le championnat avec une ambition claire : assurer le maintien en Pr\u00e9-Nationale. \n            Encadr\u00e9s par un staff motiv\u00e9 et soutenus par leurs fid\u00e8les supporters, les joueurs donneront le meilleur d\u2019eux-m\u00eames pour d\u00e9fendre les couleurs du club.\n            <\/p>\n        <\/div>\n    <\/div>\n\n    <!-- SF1 -->\n    <div class=\"senior-block reverse\">\n        <div class=\"senior-image\">\n            <img decoding=\"async\" src=\"https:\/\/stiren-handball.com\/wp-content\/uploads\/2026\/03\/filles.jpg\">\n        <\/div>\n        <div class=\"senior-content\">\n            <h2 class=\"senior-title\">S\u00e9niors Filles 1<\/h2>\n            <p class=\"senior-text\">\n            Coach\u00e9es par \u00c9milie Moniez Catrou, les S\u00e9niors Filles 1 abordent la saison avec ambition et enthousiasme. \n            Elles visent la mont\u00e9e en Excellence R\u00e9gionale ainsi qu\u2019un beau parcours en Coupe de France.\n            <\/p>\n        <\/div>\n    <\/div>\n\n    <!-- SG2 -->\n    <div class=\"senior-block\">\n        <div class=\"senior-image\">\n            <img decoding=\"async\" src=\"https:\/\/stiren-handball.com\/wp-content\/uploads\/2026\/03\/Capture-decran-2026-03-27-183115.png\">\n        <\/div>\n        <div class=\"senior-content\">\n            <h2 class=\"senior-title\">S\u00e9niors Masculins 2<\/h2>\n            <p class=\"senior-text\">\n            Les S\u00e9niors Masculins 2 \u00e9volueront cette ann\u00e9e en Honneur R\u00e9gion avec un objectif clair : assurer le maintien \n            et consolider leur place \u00e0 ce niveau de comp\u00e9tition.\n            <\/p>\n        <\/div>\n    <\/div>\n\n    <!-- SF2 -->\n    <div class=\"senior-block reverse\">\n        <div class=\"senior-image\">\n            <img decoding=\"async\" src=\"https:\/\/stiren-handball.com\/wp-content\/uploads\/2026\/03\/Capture-decran-2026-03-27-224436.png\">\n        <\/div>\n        <div class=\"senior-content\">\n            <h2 class=\"senior-title\">S\u00e9niors Filles 2<\/h2>\n            <p class=\"senior-text\">\n            Coach\u00e9es par Bruno Brito Febras et Mewen Audrain, les S\u00e9niors Filles 2 ont pour objectif la mont\u00e9e en D\u00e9partemental. \n            Le groupe souhaite construire une \u00e9quipe solide, ambitieuse et tourn\u00e9e vers l\u2019avenir.\n            <\/p>\n        <\/div>\n    <\/div>\n\n    <!-- SG3 -->\n    <div class=\"senior-block\">\n        <div class=\"senior-image\">\n            <img decoding=\"async\" src=\"https:\/\/stiren-handball.com\/wp-content\/uploads\/2026\/03\/Capture-decran-2026-03-27-183128-e1774992918529.png\">\n        <\/div>\n        <div class=\"senior-content\">\n            <h2 class=\"senior-title\">S\u00e9niors Masculins 3<\/h2>\n            <p class=\"senior-text\">\n            Les S\u00e9niors Masculins 3 \u00e9voluent en D2 d\u00e9partementale avec un objectif principal : prendre du plaisir sur le terrain \n            tout en accompagnant la progression des jeunes U18 vers le niveau s\u00e9nior.\n            <\/p>\n        <\/div>\n    <\/div>\n\n<\/section>\t\t\t\t<\/div>\n\t\t\t\t\t<\/div>\n\t\t\t\t<\/div>\n\t\t<div class=\"elementor-element elementor-element-0ba9479 e-flex e-con-boxed e-con e-parent\" data-id=\"0ba9479\" data-element_type=\"container\">\n\t\t\t\t\t<div class=\"e-con-inner\">\n\t\t\t\t<div class=\"elementor-element elementor-element-e564469 elementor-widget elementor-widget-spacer\" data-id=\"e564469\" data-element_type=\"widget\" data-widget_type=\"spacer.default\">\n\t\t\t\t\t\t\t<div class=\"elementor-spacer\">\n\t\t\t<div class=\"elementor-spacer-inner\"><\/div>\n\t\t<\/div>\n\t\t\t\t\t\t<\/div>\n\t\t\t\t\t<\/div>\n\t\t\t\t<\/div>\n\t\t<div class=\"elementor-element elementor-element-848aaf5 e-flex e-con-boxed e-con e-parent\" data-id=\"848aaf5\" data-element_type=\"container\">\n\t\t\t\t\t<div class=\"e-con-inner\">\n\t\t\t\t<div class=\"elementor-element elementor-element-5242491c elementor-widget elementor-widget-html\" data-id=\"5242491c\" data-element_type=\"widget\" data-widget_type=\"html.default\">\n\t\t\t\t\t<!-- Footer \u00e9l\u00e9gant -->\n<footer style=\"\n  background: rgba(30, 30, 30, 0.95);\n  color: white;\n  padding: 40px 20px 20px;\n  font-family: 'Arial', sans-serif;\n  border-top: 1px solid rgba(255, 255, 255, 0.1);\n\">\n\n  <!-- Conteneur principal -->\n  <div style=\"\n    max-width: 1200px;\n    margin: 0 auto;\n    display: flex;\n    flex-wrap: wrap;\n    justify-content: space-between;\n  \">\n\n    <!-- Colonne 1 : Pages -->\n    <div style=\"\n      flex: 1;\n      min-width: 200px;\n      margin-bottom: 30px;\n      padding-right: 20px;\n    \">\n      <h3 style=\"\n        font-size: 1.2rem;\n        margin-bottom: 15px;\n        color: white;\n        border-bottom: 1px solid rgba(255, 255, 255, 0.2);\n        padding-bottom: 8px;\n      \">\n        Pages\n      <\/h3> \n      <ul style=\"list-style: none; padding: 0; margin: 0;\">\n        <li style=\"margin-bottom: 8px;\">\n          <a href=\"\/\" style=\"color: rgba(255, 255, 255, 0.8); text-decoration: none; transition: color 0.2s;\" onmouseover=\"this.style.color='white'\" onmouseout=\"this.style.color='rgba(255, 255, 255, 0.8)'\">Accueil<\/a>\n        <\/li>\n         <li style=\"margin-bottom: 8px;\">\n          <a href=\"\/index.php\/matchs\" style=\"color: rgba(255, 255, 255, 0.8); text-decoration: none; transition: color 0.2s;\" onmouseover=\"this.style.color='white'\" onmouseout=\"this.style.color='rgba(255, 255, 255, 0.8)'\">Matchs<\/a>\n        <\/li>\n        <li style=\"margin-bottom: 8px;\">\n          <a href=\"\/index.php\/boutique\/\" style=\"color: rgba(255, 255, 255, 0.8); text-decoration: none; transition: color 0.2s;\" onmouseover=\"this.style.color='white'\" onmouseout=\"this.style.color='rgba(255, 255, 255, 0.8)'\">Boutique<\/a>\n        <\/li>\n      <\/ul>\n    <\/div>\n\n    <!-- Colonne 2 : Partenaires (3 liens externes) -->\n    <div style=\"\n      flex: 1;\n      min-width: 200px;\n      margin-bottom: 30px;\n      padding-right: 20px;\n    \">\n      <h3 style=\"\n        font-size: 1.2rem;\n        margin-bottom: 15px;\n        color: white;\n        border-bottom: 1px solid rgba(255, 255, 255, 0.2);\n        padding-bottom: 8px;\n      \">\n        Liens utiles\n      <\/h3>\n      <div style=\"display: flex; flex-direction: column; gap: 10px;\">\n        <!-- FFHandball -->\n        <a\n          href=\"https:\/\/www.ffhandball.fr\/\"\n          target=\"_blank\"\n          style=\"\n            color: rgba(255, 255, 255, 0.8);\n            text-decoration: none;\n            font-size: 0.95rem;\n            transition: color 0.2s;\n            font-weight: 500;\n          \"\n          onmouseover=\"this.style.color='white'\"\n          onmouseout=\"this.style.color='rgba(255, 255, 255, 0.8)'\"\n        >\n          FFHandball\n        <\/a>\n\n        <!-- Ville de Languidic -->\n        <a\n          href=\"https:\/\/www.languidic.fr\"\n          target=\"_blank\"\n          style=\"\n            color: rgba(255, 255, 255, 0.8);\n            text-decoration: none;\n            font-size: 0.95rem;\n            transition: color 0.2s;\n            font-weight: 500;\n          \"\n          onmouseover=\"this.style.color='white'\"\n          onmouseout=\"this.style.color='rgba(255, 255, 255, 0.8)'\"\n        >\n          Ville de Languidic\n        <\/a>\n\n        <!-- Handball-Bretagne -->\n        <a\n          href=\"https:\/\/www.handball-bretagne.bzh\/\"\n          target=\"_blank\"\n          style=\"\n            color: rgba(255, 255, 255, 0.8);\n            text-decoration: none;\n            font-size: 0.95rem;\n            transition: color 0.2s;\n            font-weight: 500;\n          \"\n          onmouseover=\"this.style.color='white'\"\n          onmouseout=\"this.style.color='rgba(255, 255, 255, 0.8)'\"\n        >\n          Handball-Bretagne\n        <\/a>\n\n        <!-- La Stiren -->\n        <a\n          href=\"https:\/\/www.stiren.fr\/\"\n          target=\"_blank\"\n          style=\"\n            color: rgba(255, 255, 255, 0.8);\n            text-decoration: none;\n            font-size: 0.95rem;\n            transition: color 0.2s;\n            font-weight: 500;\n          \"\n          onmouseover=\"this.style.color='white'\"\n          onmouseout=\"this.style.color='rgba(255, 255, 255, 0.8)'\"\n        >\n          La Stiren\n        <\/a>\n      <\/div>\n    <\/div>\n\n    <!-- Colonne 3 : Contact -->\n    <div style=\"\n      flex: 1;\n      min-width: 200px;\n      margin-bottom: 30px;\n    \">\n      <h3 style=\"\n        font-size: 1.2rem;\n        margin-bottom: 15px;\n        color: white;\n        border-bottom: 1px solid rgba(255, 255, 255, 0.2);\n        padding-bottom: 8px;\n      \">\n        Nous contacter\n      <\/h3>\n      <a\n        href=\"\/index.php\/elementor-1279\/\"\n        style=\"\n          display: inline-block;\n          background: rgba(204, 11, 9, 0.9);\n          color: white;\n          padding: 10px 20px;\n          border-radius: 25px;\n          text-decoration: none;\n          font-weight: 600;\n          transition: all 0.2s;\n          box-shadow: 0 2px 8px rgba(0, 0, 0, 0.1);\n        \"\n        onmouseover=\"this.style.transform='translateY(-2px)'; this.style.boxShadow='0 4px 12px rgba(0, 0, 0, 0.2)'\"\n        onmouseout=\"this.style.transform='translateY(0)'; this.style.boxShadow='0 2px 8px rgba(0, 0, 0, 0.1)'\"\n      >\n        Page contact\n      <\/a>\n    <\/div>\n  <\/div>\n  <br>\n\n  <!-- S\u00e9parateur et copyright -->\n  <div style=\"\n    max-width: 1200px;\n    margin: 0 auto;\n    padding-top: 20px;\n    border-top: 1px solid rgba(255, 255, 255, 0.1);\n    text-align: center;\n    color: rgba(255, 255, 255, 0.8);\n    font-size: 0.9rem;\n  \">\n    <br>\n    <span>Copyright \u00a9 2025 Stiren Handball - <\/span>\n    <span style=\"color: rgba(204, 11, 9, 0.9); margin-left: 0px;\">#BornToBeSquirrel<\/span>\n    <br>\n    <br>\n    <br>\n  <\/div>\n<\/footer>\n\t\t\t\t<\/div>\n\t\t\t\t\t<\/div>\n\t\t\t\t<\/div>\n\t\t\t\t<\/div>\n\t\t","protected":false},"excerpt":{"rendered":"<p>Nos s\u00e9niors S\u00e9niors Masculins 1 Cette saison, l\u2019\u00e9quipe S\u00e9niors Masculins 1 aborde le championnat avec une ambition claire : assurer [&hellip;]<\/p>\n","protected":false},"author":1,"featured_media":0,"parent":0,"menu_order":0,"comment_status":"closed","ping_status":"closed","template":"","meta":{"site-sidebar-layout":"no-sidebar","site-content-layout":"","ast-site-content-layout":"full-width-container","site-content-style":"default","site-sidebar-style":"default","ast-global-header-display":"","ast-banner-title-visibility":"","ast-main-header-display":"","ast-hfb-above-header-display":"","ast-hfb-below-header-display":"","ast-hfb-mobile-header-display":"","site-post-title":"disabled","ast-breadcrumbs-content":"","ast-featured-img":"disabled","footer-sml-layout":"","theme-transparent-header-meta":"","adv-header-id-meta":"","stick-header-meta":"","header-above-stick-meta":"","header-main-stick-meta":"","header-below-stick-meta":"","astra-migrate-meta-layouts":"default","ast-page-background-enabled":"default","ast-page-background-meta":{"desktop":{"background-color":"var(--ast-global-color-5)","background-image":"","background-repeat":"repeat","background-position":"center center","background-size":"auto","background-attachment":"scroll","background-type":"","background-media":"","overlay-type":"","overlay-color":"","overlay-opacity":"","overlay-gradient":""},"tablet":{"background-color":"","background-image":"","background-repeat":"repeat","background-position":"center center","background-size":"auto","background-attachment":"scroll","background-type":"","background-media":"","overlay-type":"","overlay-color":"","overlay-opacity":"","overlay-gradient":""},"mobile":{"background-color":"","background-image":"","background-repeat":"repeat","background-position":"center center","background-size":"auto","background-attachment":"scroll","background-type":"","background-media":"","overlay-type":"","overlay-color":"","overlay-opacity":"","overlay-gradient":""}},"ast-content-background-meta":{"desktop":{"background-color":"var(--ast-global-color-4)","background-image":"","background-repeat":"repeat","background-position":"center center","background-size":"auto","background-attachment":"scroll","background-type":"","background-media":"","overlay-type":"","overlay-color":"","overlay-opacity":"","overlay-gradient":""},"tablet":{"background-color":"var(--ast-global-color-4)","background-image":"","background-repeat":"repeat","background-position":"center center","background-size":"auto","background-attachment":"scroll","background-type":"","background-media":"","overlay-type":"","overlay-color":"","overlay-opacity":"","overlay-gradient":""},"mobile":{"background-color":"var(--ast-global-color-4)","background-image":"","background-repeat":"repeat","background-position":"center center","background-size":"auto","background-attachment":"scroll","background-type":"","background-media":"","overlay-type":"","overlay-color":"","overlay-opacity":"","overlay-gradient":""}},"footnotes":""},"class_list":["post-1718","page","type-page","status-publish","hentry"],"_links":{"self":[{"href":"https:\/\/stiren-handball.com\/index.php\/wp-json\/wp\/v2\/pages\/1718","targetHints":{"allow":["GET"]}}],"collection":[{"href":"https:\/\/stiren-handball.com\/index.php\/wp-json\/wp\/v2\/pages"}],"about":[{"href":"https:\/\/stiren-handball.com\/index.php\/wp-json\/wp\/v2\/types\/page"}],"author":[{"embeddable":true,"href":"https:\/\/stiren-handball.com\/index.php\/wp-json\/wp\/v2\/users\/1"}],"replies":[{"embeddable":true,"href":"https:\/\/stiren-handball.com\/index.php\/wp-json\/wp\/v2\/comments?post=1718"}],"version-history":[{"count":16,"href":"https:\/\/stiren-handball.com\/index.php\/wp-json\/wp\/v2\/pages\/1718\/revisions"}],"predecessor-version":[{"id":1762,"href":"https:\/\/stiren-handball.com\/index.php\/wp-json\/wp\/v2\/pages\/1718\/revisions\/1762"}],"wp:attachment":[{"href":"https:\/\/stiren-handball.com\/index.php\/wp-json\/wp\/v2\/media?parent=1718"}],"curies":[{"name":"wp","href":"https:\/\/api.w.org\/{rel}","templated":true}]}}